{"id":147,"date":"2025-01-06T16:59:58","date_gmt":"2025-01-06T16:59:58","guid":{"rendered":"https:\/\/seripigari.org\/?page_id=147"},"modified":"2025-01-08T12:50:42","modified_gmt":"2025-01-08T12:50:42","slug":"home","status":"publish","type":"page","link":"https:\/\/seripigari.org\/","title":{"rendered":"Home"},"content":{"rendered":"\n<div class=\"wp-block-cover alignfull is-light hestia-clear-top-padding\"><span aria-hidden=\"true\" class=\"wp-block-cover__background has-white-background-color has-background-dim-100 has-background-dim\"><\/span><div class=\"wp-block-cover__inner-container is-layout-flow wp-block-cover-is-layout-flow\">\n<h2 class=\"wp-block-heading has-text-align-center has-text-color\" style=\"color:#3c4858\">Estamos para&#8230;<\/h2>\n\n\n\n<div style=\"height:40px\" aria-hidden=\"true\" class=\"wp-block-spacer\"><\/div>\n\n\n\n<div class=\"wp-block-columns container is-layout-flex wp-container-core-columns-is-layout-28f84493 wp-block-columns-is-layout-flex\">\n<div class=\"wp-block-column is-layout-flow wp-block-column-is-layout-flow\"><div class=\"wp-block-image\">\n<figure class=\"aligncenter size-large\"><img loading=\"lazy\" decoding=\"async\" width=\"769\" height=\"1024\" src=\"https:\/\/seripigari.org\/wp-content\/uploads\/2025\/01\/IMG_4978-769x1024.jpg\" alt=\"\" class=\"wp-image-137\" srcset=\"https:\/\/seripigari.org\/wp-content\/uploads\/2025\/01\/IMG_4978-769x1024.jpg 769w, https:\/\/seripigari.org\/wp-content\/uploads\/2025\/01\/IMG_4978-225x300.jpg 225w, https:\/\/seripigari.org\/wp-content\/uploads\/2025\/01\/IMG_4978-768x1022.jpg 768w, https:\/\/seripigari.org\/wp-content\/uploads\/2025\/01\/IMG_4978-1154x1536.jpg 1154w, https:\/\/seripigari.org\/wp-content\/uploads\/2025\/01\/IMG_4978-1539x2048.jpg 1539w, https:\/\/seripigari.org\/wp-content\/uploads\/2025\/01\/IMG_4978-1080x1438.jpg 1080w, https:\/\/seripigari.org\/wp-content\/uploads\/2025\/01\/IMG_4978-1280x1704.jpg 1280w, https:\/\/seripigari.org\/wp-content\/uploads\/2025\/01\/IMG_4978-980x1305.jpg 980w, https:\/\/seripigari.org\/wp-content\/uploads\/2025\/01\/IMG_4978-480x639.jpg 480w, https:\/\/seripigari.org\/wp-content\/uploads\/2025\/01\/IMG_4978-scaled.jpg 1923w\" sizes=\"auto, (max-width: 769px) 100vw, 769px\" \/><\/figure>\n<\/div>\n\n\n<h5 class=\"wp-block-heading has-text-align-center has-text-color\" style=\"color:#3c4858;font-size:18px\">Acompa\u00f1ar<\/h5>\n\n\n\n<p class=\"has-text-align-center has-text-color\" style=\"color:#999999;font-size:14px\">Ayudamos a los pacientes y acompa\u00f1antes a realizar sus tr\u00e1mites en los hospitales.<\/p>\n\n\n\n<div style=\"height:25px\" aria-hidden=\"true\" class=\"wp-block-spacer\"><\/div>\n<\/div>\n\n\n\n<div class=\"wp-block-column is-layout-flow wp-block-column-is-layout-flow\"><div class=\"wp-block-image\">\n<figure class=\"aligncenter size-large\"><img loading=\"lazy\" decoding=\"async\" width=\"768\" height=\"1024\" src=\"https:\/\/seripigari.org\/wp-content\/uploads\/2025\/01\/IMG_0607-768x1024.jpg\" alt=\"\" class=\"wp-image-31\" srcset=\"https:\/\/seripigari.org\/wp-content\/uploads\/2025\/01\/IMG_0607-768x1024.jpg 768w, https:\/\/seripigari.org\/wp-content\/uploads\/2025\/01\/IMG_0607-225x300.jpg 225w, https:\/\/seripigari.org\/wp-content\/uploads\/2025\/01\/IMG_0607-1152x1536.jpg 1152w, https:\/\/seripigari.org\/wp-content\/uploads\/2025\/01\/IMG_0607-1536x2048.jpg 1536w, https:\/\/seripigari.org\/wp-content\/uploads\/2025\/01\/IMG_0607-1080x1440.jpg 1080w, https:\/\/seripigari.org\/wp-content\/uploads\/2025\/01\/IMG_0607-1280x1707.jpg 1280w, https:\/\/seripigari.org\/wp-content\/uploads\/2025\/01\/IMG_0607-980x1307.jpg 980w, https:\/\/seripigari.org\/wp-content\/uploads\/2025\/01\/IMG_0607-480x640.jpg 480w, https:\/\/seripigari.org\/wp-content\/uploads\/2025\/01\/IMG_0607-scaled.jpg 1920w\" sizes=\"auto, (max-width: 768px) 100vw, 768px\" \/><\/figure>\n<\/div>\n\n\n<h5 class=\"wp-block-heading has-text-align-center has-text-color\" style=\"color:#3c4858;font-size:18px\">Interpretar y traducir<\/h5>\n\n\n\n<p class=\"has-text-align-center has-text-color\" style=\"color:#999999;font-size:14px\">Interpretamos o traducimos al matsigenka el argot m\u00e9dico.<\/p>\n\n\n\n<div style=\"height:25px\" aria-hidden=\"true\" class=\"wp-block-spacer\"><\/div>\n<\/div>\n\n\n\n<div class=\"wp-block-column is-layout-flow wp-block-column-is-layout-flow\"><div class=\"wp-block-image\">\n<figure class=\"aligncenter size-large\"><img loading=\"lazy\" decoding=\"async\" width=\"768\" height=\"1024\" src=\"https:\/\/seripigari.org\/wp-content\/uploads\/2025\/01\/IMG_1046-1-768x1024.jpg\" alt=\"\" class=\"wp-image-211\" srcset=\"https:\/\/seripigari.org\/wp-content\/uploads\/2025\/01\/IMG_1046-1-768x1024.jpg 768w, https:\/\/seripigari.org\/wp-content\/uploads\/2025\/01\/IMG_1046-1-225x300.jpg 225w, https:\/\/seripigari.org\/wp-content\/uploads\/2025\/01\/IMG_1046-1-1152x1536.jpg 1152w, https:\/\/seripigari.org\/wp-content\/uploads\/2025\/01\/IMG_1046-1-1536x2048.jpg 1536w, https:\/\/seripigari.org\/wp-content\/uploads\/2025\/01\/IMG_1046-1-scaled.jpg 1920w\" sizes=\"auto, (max-width: 768px) 100vw, 768px\" \/><\/figure>\n<\/div>\n\n\n<h5 class=\"wp-block-heading has-text-align-center has-text-color\" style=\"color:#3c4858;font-size:18px\">Acomodar<\/h5>\n\n\n\n<p class=\"has-text-align-center has-text-color\" style=\"color:#999999;font-size:14px\">Proveemos, seg\u00fan el caso, de alimentaci\u00f3n, alojamiento y traslados urbanos al paciente y acompa\u00f1ante.<\/p>\n\n\n\n<div style=\"height:25px\" aria-hidden=\"true\" class=\"wp-block-spacer\"><\/div>\n<\/div>\n<\/div>\n\n\n\n<div class=\"wp-block-columns container is-layout-flex wp-container-core-columns-is-layout-28f84493 wp-block-columns-is-layout-flex\">\n<div class=\"wp-block-column is-layout-flow wp-block-column-is-layout-flow\"><div class=\"wp-block-image\">\n<figure class=\"aligncenter size-large is-resized\"><img loading=\"lazy\" decoding=\"async\" width=\"768\" height=\"1024\" src=\"https:\/\/seripigari.org\/wp-content\/uploads\/2025\/01\/IMG_4953-768x1024.jpg\" alt=\"\" class=\"wp-image-135\" style=\"width:309px;height:auto\" srcset=\"https:\/\/seripigari.org\/wp-content\/uploads\/2025\/01\/IMG_4953-768x1024.jpg 768w, https:\/\/seripigari.org\/wp-content\/uploads\/2025\/01\/IMG_4953-225x300.jpg 225w, https:\/\/seripigari.org\/wp-content\/uploads\/2025\/01\/IMG_4953-1152x1536.jpg 1152w, https:\/\/seripigari.org\/wp-content\/uploads\/2025\/01\/IMG_4953-1536x2048.jpg 1536w, https:\/\/seripigari.org\/wp-content\/uploads\/2025\/01\/IMG_4953-1080x1440.jpg 1080w, https:\/\/seripigari.org\/wp-content\/uploads\/2025\/01\/IMG_4953-1280x1707.jpg 1280w, https:\/\/seripigari.org\/wp-content\/uploads\/2025\/01\/IMG_4953-980x1307.jpg 980w, https:\/\/seripigari.org\/wp-content\/uploads\/2025\/01\/IMG_4953-480x640.jpg 480w, https:\/\/seripigari.org\/wp-content\/uploads\/2025\/01\/IMG_4953-scaled.jpg 1920w\" sizes=\"auto, (max-width: 768px) 100vw, 768px\" \/><\/figure>\n<\/div>\n\n\n<h5 class=\"wp-block-heading has-text-align-center has-text-color\" style=\"color:#3c4858;font-size:18px\">Proveer<\/h5>\n\n\n\n<p class=\"has-text-align-center has-text-color\" style=\"color:#999999;font-size:14px\">Apoyamos en la adquisici\u00f3n de medicinas, equipos m\u00e9dicos, pr\u00f3tesis y pruebas de laboratorio cuando el seguro de salud no lo hace.<\/p>\n\n\n\n<div style=\"height:25px\" aria-hidden=\"true\" class=\"wp-block-spacer\"><\/div>\n<\/div>\n\n\n\n<div class=\"wp-block-column is-layout-flow wp-block-column-is-layout-flow\"><div class=\"wp-block-image\">\n<figure class=\"aligncenter size-large is-resized\"><img loading=\"lazy\" decoding=\"async\" width=\"768\" height=\"1024\" src=\"https:\/\/seripigari.org\/wp-content\/uploads\/2025\/01\/IMG_4885-768x1024.jpg\" alt=\"\" class=\"wp-image-125\" style=\"width:308px;height:auto\" srcset=\"https:\/\/seripigari.org\/wp-content\/uploads\/2025\/01\/IMG_4885-768x1024.jpg 768w, https:\/\/seripigari.org\/wp-content\/uploads\/2025\/01\/IMG_4885-225x300.jpg 225w, https:\/\/seripigari.org\/wp-content\/uploads\/2025\/01\/IMG_4885-1152x1536.jpg 1152w, https:\/\/seripigari.org\/wp-content\/uploads\/2025\/01\/IMG_4885-1536x2048.jpg 1536w, https:\/\/seripigari.org\/wp-content\/uploads\/2025\/01\/IMG_4885-1080x1440.jpg 1080w, https:\/\/seripigari.org\/wp-content\/uploads\/2025\/01\/IMG_4885-1280x1707.jpg 1280w, https:\/\/seripigari.org\/wp-content\/uploads\/2025\/01\/IMG_4885-980x1307.jpg 980w, https:\/\/seripigari.org\/wp-content\/uploads\/2025\/01\/IMG_4885-480x640.jpg 480w, https:\/\/seripigari.org\/wp-content\/uploads\/2025\/01\/IMG_4885-scaled.jpg 1920w\" sizes=\"auto, (max-width: 768px) 100vw, 768px\" \/><\/figure>\n<\/div>\n\n\n<h5 class=\"wp-block-heading has-text-align-center has-text-color\" style=\"color:#3c4858;font-size:18px\">Costear<\/h5>\n\n\n\n<p class=\"has-text-align-center has-text-color\" style=\"color:#999999;font-size:14px\">Asesoramos y apoyamos, seg\u00fan el caso, en gastos de sepelio.<\/p>\n\n\n\n<div style=\"height:25px\" aria-hidden=\"true\" class=\"wp-block-spacer\"><\/div>\n<\/div>\n<\/div>\n\n\n\n<div style=\"height:40px\" aria-hidden=\"true\" class=\"wp-block-spacer\"><\/div>\n<\/div><\/div>\n\n\n\n<p><\/p>\n","protected":false},"excerpt":{"rendered":"","protected":false},"author":1,"featured_media":107,"parent":0,"menu_order":0,"comment_status":"closed","ping_status":"closed","template":"","meta":{"footnotes":""},"class_list":["post-147","page","type-page","status-publish","has-post-thumbnail","hentry"],"_links":{"self":[{"href":"https:\/\/seripigari.org\/index.php?rest_route=\/wp\/v2\/pages\/147","targetHints":{"allow":["GET"]}}],"collection":[{"href":"https:\/\/seripigari.org\/index.php?rest_route=\/wp\/v2\/pages"}],"about":[{"href":"https:\/\/seripigari.org\/index.php?rest_route=\/wp\/v2\/types\/page"}],"author":[{"embeddable":true,"href":"https:\/\/seripigari.org\/index.php?rest_route=\/wp\/v2\/users\/1"}],"replies":[{"embeddable":true,"href":"https:\/\/seripigari.org\/index.php?rest_route=%2Fwp%2Fv2%2Fcomments&post=147"}],"version-history":[{"count":11,"href":"https:\/\/seripigari.org\/index.php?rest_route=\/wp\/v2\/pages\/147\/revisions"}],"predecessor-version":[{"id":285,"href":"https:\/\/seripigari.org\/index.php?rest_route=\/wp\/v2\/pages\/147\/revisions\/285"}],"wp:featuredmedia":[{"embeddable":true,"href":"https:\/\/seripigari.org\/index.php?rest_route=\/wp\/v2\/media\/107"}],"wp:attachment":[{"href":"https:\/\/seripigari.org\/index.php?rest_route=%2Fwp%2Fv2%2Fmedia&parent=147"}],"curies":[{"name":"wp","href":"https:\/\/api.w.org\/{rel}","templated":true}]}}