{"id":148,"date":"2025-01-06T16:59:58","date_gmt":"2025-01-06T16:59:58","guid":{"rendered":"https:\/\/seripigari.org\/?page_id=148"},"modified":"2025-01-07T16:54:05","modified_gmt":"2025-01-07T16:54:05","slug":"contact","status":"publish","type":"page","link":"https:\/\/seripigari.org\/?page_id=148","title":{"rendered":"Contacto"},"content":{"rendered":"\n<div class=\"wp-block-columns alignfull is-layout-flex wp-container-core-columns-is-layout-28f84493 wp-block-columns-is-layout-flex\">\n<div class=\"wp-block-column is-layout-flow wp-block-column-is-layout-flow\">\n<p><\/p>\n<\/div>\n<\/div>\n\n\n\n<div class=\"wp-block-columns container is-layout-flex wp-container-core-columns-is-layout-28f84493 wp-block-columns-is-layout-flex\">\n<div class=\"wp-block-column is-vertically-aligned-center is-layout-flow wp-block-column-is-layout-flow\">\n<h2 class=\"wp-block-heading hestia-title\"><\/h2>\n\n\n<div class=\"wp-block-image\">\n<figure class=\"aligncenter size-large\"><img loading=\"lazy\" decoding=\"async\" width=\"1024\" height=\"1024\" src=\"https:\/\/seripigari.org\/wp-content\/uploads\/2025\/01\/IMG_4911-1024x1024.jpg\" alt=\"\" class=\"wp-image-126\" srcset=\"https:\/\/seripigari.org\/wp-content\/uploads\/2025\/01\/IMG_4911-1024x1024.jpg 1024w, https:\/\/seripigari.org\/wp-content\/uploads\/2025\/01\/IMG_4911-300x300.jpg 300w, https:\/\/seripigari.org\/wp-content\/uploads\/2025\/01\/IMG_4911-150x150.jpg 150w, https:\/\/seripigari.org\/wp-content\/uploads\/2025\/01\/IMG_4911-768x768.jpg 768w, https:\/\/seripigari.org\/wp-content\/uploads\/2025\/01\/IMG_4911-1536x1536.jpg 1536w, https:\/\/seripigari.org\/wp-content\/uploads\/2025\/01\/IMG_4911-2048x2048.jpg 2048w, https:\/\/seripigari.org\/wp-content\/uploads\/2025\/01\/IMG_4911-1080x1080.jpg 1080w, https:\/\/seripigari.org\/wp-content\/uploads\/2025\/01\/IMG_4911-1280x1280.jpg 1280w, https:\/\/seripigari.org\/wp-content\/uploads\/2025\/01\/IMG_4911-980x980.jpg 980w, https:\/\/seripigari.org\/wp-content\/uploads\/2025\/01\/IMG_4911-480x480.jpg 480w\" sizes=\"auto, (max-width: 1024px) 100vw, 1024px\" \/><\/figure>\n<\/div>\n\n\n<div style=\"height:40px\" aria-hidden=\"true\" class=\"wp-block-spacer\"><\/div>\n<\/div>\n\n\n\n<div class=\"wp-block-column is-vertically-aligned-center is-layout-flow wp-block-column-is-layout-flow\">\n<div class=\"wp-block-columns is-layout-flex wp-container-core-columns-is-layout-28f84493 wp-block-columns-is-layout-flex\">\n<div class=\"wp-block-column is-layout-flow wp-block-column-is-layout-flow\"><\/div>\n\n\n\n<div class=\"wp-block-column is-layout-flow wp-block-column-is-layout-flow\" style=\"flex-basis:50%\">\n<h4 class=\"wp-block-heading has-text-align-left hestia-title has-text-color\" style=\"color:#3c4858;font-size:18px\"><img decoding=\"async\" class=\"wp-image-86\" style=\"width: 25px;\" src=\"https:\/\/seripigari.org\/wp-content\/themes\/hestia\/assets\/img\/contact1.png\" alt=\"Map icon\">  <strong>Encu\u00e9ntranos<\/strong><\/h4>\n\n\n\n<p class=\"has-text-align-left has-text-color\" style=\"color:#999999;font-size:14px\">Avenida Collasuyo, n\u00ba 50.<br>Cusco, Cusco.<br>Per\u00fa.<\/p>\n\n\n\n<h4 class=\"wp-block-heading has-text-align-left hestia-title has-text-color\" style=\"color:#3c4858;font-size:18px\"><img decoding=\"async\" class=\"wp-image-98\" style=\"width: 25px;\" src=\"https:\/\/seripigari.org\/wp-content\/themes\/hestia\/assets\/img\/contact2.png\" alt=\"\"> <strong><strong>Ll\u00e1manos<\/strong><\/strong> o escr\u00edbenos<\/h4>\n\n\n\n<p class=\"has-text-align-left has-text-color\" style=\"color:#999999;font-size:14px\">Donaldo H. Pinedo Macedo<br>+51 984 537 773<\/p>\n\n\n\n<p class=\"has-text-align-left has-text-color\" style=\"color:#999999;font-size:14px\"><a href=\"mailto:donaldo@seripigari.org\">donaldo@seripigari.org<\/a><\/p>\n<\/div>\n\n\n\n<div class=\"wp-block-column is-layout-flow wp-block-column-is-layout-flow\"><\/div>\n<\/div>\n<\/div>\n<\/div>\n\n\n\n<p><\/p>\n\n\n\n<p><\/p>\n","protected":false},"excerpt":{"rendered":"<p>Encu\u00e9ntranos Avenida Collasuyo, n\u00ba 50.Cusco, Cusco.Per\u00fa. Ll\u00e1manos o escr\u00edbenos Donaldo H. Pinedo Macedo+51 984 537 773 donaldo@seripigari.org<\/p>\n","protected":false},"author":1,"featured_media":0,"parent":0,"menu_order":0,"comment_status":"closed","ping_status":"closed","template":"page-templates\/template-pagebuilder-full-width.php","meta":{"footnotes":""},"class_list":["post-148","page","type-page","status-publish","hentry"],"_links":{"self":[{"href":"https:\/\/seripigari.org\/index.php?rest_route=\/wp\/v2\/pages\/148","targetHints":{"allow":["GET"]}}],"collection":[{"href":"https:\/\/seripigari.org\/index.php?rest_route=\/wp\/v2\/pages"}],"about":[{"href":"https:\/\/seripigari.org\/index.php?rest_route=\/wp\/v2\/types\/page"}],"author":[{"embeddable":true,"href":"https:\/\/seripigari.org\/index.php?rest_route=\/wp\/v2\/users\/1"}],"replies":[{"embeddable":true,"href":"https:\/\/seripigari.org\/index.php?rest_route=%2Fwp%2Fv2%2Fcomments&post=148"}],"version-history":[{"count":19,"href":"https:\/\/seripigari.org\/index.php?rest_route=\/wp\/v2\/pages\/148\/revisions"}],"predecessor-version":[{"id":282,"href":"https:\/\/seripigari.org\/index.php?rest_route=\/wp\/v2\/pages\/148\/revisions\/282"}],"wp:attachment":[{"href":"https:\/\/seripigari.org\/index.php?rest_route=%2Fwp%2Fv2%2Fmedia&parent=148"}],"curies":[{"name":"wp","href":"https:\/\/api.w.org\/{rel}","templated":true}]}}