{"id":184,"date":"2025-01-06T17:59:22","date_gmt":"2025-01-06T17:59:22","guid":{"rendered":"https:\/\/seripigari.org\/?page_id=184"},"modified":"2025-01-08T12:56:42","modified_gmt":"2025-01-08T12:56:42","slug":"que-hacemos","status":"publish","type":"page","link":"https:\/\/seripigari.org\/?page_id=184","title":{"rendered":"Qu\u00e9 hacemos"},"content":{"rendered":"\n<p>Nuestro principal objetivo es acompa\u00f1ar a pacientes ind\u00edgenas amaz\u00f3nicos que son referidos a los hospitales de las ciudades de Cusco, Lima y Quillabamba. <\/p>\n\n\n\n<p>El acompa\u00f1amiento, comprende:<\/p>\n\n\n\n<p><strong>Tr\u00e1mites<\/strong><\/p>\n\n\n\n<p>Apoyamos en los tr\u00e1mites que pacientes y acompa\u00f1antes deben realizar en los hospitales. Conocemos el idioma matsigenka y somos profesionales con experiencia en el sistema de salud p\u00fablico.<\/p>\n\n\n\n<p><strong>Interpretaci\u00f3n y traducci\u00f3n<\/strong><\/p>\n\n\n\n<p>Interpretamos las indicaciones m\u00e9dicas para los pacientes y acompa\u00f1antes que hablan el idioma matsigenka. As\u00ed tambi\u00e9n, en caso se requiera, traducimos documentos m\u00e9dicos (formularios de atenci\u00f3n, consentimientos informados, resultados de an\u00e1lisis, etc.).<\/p>\n\n\n\n<p><strong>Log\u00edstica<\/strong><\/p>\n\n\n\n<p>Ofrecemos, seg\u00fan el caso, alimentaci\u00f3n, alojamiento y traslados urbanos para pacientes y acompa\u00f1antes.<\/p>\n\n\n\n<p><strong>Insumos m\u00e9dicos<\/strong><\/p>\n\n\n\n<p>Contratamos an\u00e1lisis de laboratorio y adquirimos medicinas, implementos m\u00e9dicos y pr\u00f3tesis, siempre y cuando el seguro de salud no lo cubra.<\/p>\n\n\n\n<p><strong>Gastos de sepelio<\/strong><\/p>\n\n\n\n<p>Apoyamos con los tr\u00e1mites de sepelio y, seg\u00fan el caso, cubrimos los costos referidos. <\/p>\n\n\n\n<p><\/p>\n","protected":false},"excerpt":{"rendered":"<p>Nuestro principal objetivo es acompa\u00f1ar a pacientes ind\u00edgenas amaz\u00f3nicos que son referidos a los hospitales de las ciudades de Cusco, Lima y Quillabamba. El acompa\u00f1amiento, comprende: Tr\u00e1mites Apoyamos en los tr\u00e1mites que pacientes y acompa\u00f1antes deben realizar en los hospitales. Conocemos el idioma matsigenka y somos profesionales con experiencia en [&hellip;]<\/p>\n","protected":false},"author":1,"featured_media":27,"parent":0,"menu_order":0,"comment_status":"closed","ping_status":"closed","template":"","meta":{"footnotes":""},"class_list":["post-184","page","type-page","status-publish","has-post-thumbnail","hentry"],"_links":{"self":[{"href":"https:\/\/seripigari.org\/index.php?rest_route=\/wp\/v2\/pages\/184","targetHints":{"allow":["GET"]}}],"collection":[{"href":"https:\/\/seripigari.org\/index.php?rest_route=\/wp\/v2\/pages"}],"about":[{"href":"https:\/\/seripigari.org\/index.php?rest_route=\/wp\/v2\/types\/page"}],"author":[{"embeddable":true,"href":"https:\/\/seripigari.org\/index.php?rest_route=\/wp\/v2\/users\/1"}],"replies":[{"embeddable":true,"href":"https:\/\/seripigari.org\/index.php?rest_route=%2Fwp%2Fv2%2Fcomments&post=184"}],"version-history":[{"count":5,"href":"https:\/\/seripigari.org\/index.php?rest_route=\/wp\/v2\/pages\/184\/revisions"}],"predecessor-version":[{"id":292,"href":"https:\/\/seripigari.org\/index.php?rest_route=\/wp\/v2\/pages\/184\/revisions\/292"}],"wp:featuredmedia":[{"embeddable":true,"href":"https:\/\/seripigari.org\/index.php?rest_route=\/wp\/v2\/media\/27"}],"wp:attachment":[{"href":"https:\/\/seripigari.org\/index.php?rest_route=%2Fwp%2Fv2%2Fmedia&parent=184"}],"curies":[{"name":"wp","href":"https:\/\/api.w.org\/{rel}","templated":true}]}}